{"id":106,"date":"2021-12-07T19:21:01","date_gmt":"2021-12-07T19:21:01","guid":{"rendered":"https:\/\/websitebuilder-demo.net\/workspace\/?page_id=106"},"modified":"2025-04-30T10:34:01","modified_gmt":"2025-04-30T10:34:01","slug":"demo-contact","status":"publish","type":"page","link":"https:\/\/cclinicoveracruz.com\/?page_id=106","title":{"rendered":"Contact"},"content":{"rendered":"<div class=\"brz-root__container brz-reset-all brz\">{{ brizy_dc_global_blocks position=&#8217;top&#8217; }}<\/p>\n<section id=\"{{placeholder content='e3sgcmFuZG9tX2lkIH19' key='xrgbjsxksjpdcfymkuxdjyjursohntzhefea'}}_xrgbjsxksjpdcfymkuxdjyjursohntzhefea\" class=\"brz-section brz-css-rFgFH\">\n<div class=\"brz-section__content brz-section--boxed brz-css-ivMrA brz-css-atofU\" data-brz-custom-id=\"aqrknvookgpbgeifkqvauqciuxhbhoxplzyh\">\n<div class=\"brz-bg\">\n<div class=\"brz-bg-image\"><\/div>\n<div class=\"brz-bg-color\"><\/div>\n<\/div>\n<div class=\"brz-container brz-css-s8GUV\">\n<div id=\"\" class=\"brz-css-qUb3D brz-css-g3ni0 brz-wrapper\">\n<div class=\"brz-rich-text brz-rich-text__custom brz-css-hOeh4\" data-brz-custom-id=\"tjqgitnzxfqgkrjuupvgxywyskxouwqqwzlo\">\n<div data-brz-translate-text=\"1\">\n<p class=\"brz-tp-lg-heading2 brz-text-lg-center brz-css-gnXy6\" data-generated-css=\"brz-css-lwzCe\" data-uniq-id=\"wciZV\"><span class=\"brz-cp-color8\">Estamos aqui para cuidar de si<\/span><\/p>\n<\/div>\n<\/div>\n<\/div>\n<\/div>\n<\/div>\n<\/section>\n<section id=\"{{placeholder content='e3sgcmFuZG9tX2lkIH19' key='isxfcrmlkasrpjsrvokwauvylxeyvihjoteg'}}_isxfcrmlkasrpjsrvokwauvylxeyvihjoteg\" class=\"brz-section brz-css-rFgFH\">\n<div class=\"brz-section__content brz-section--boxed brz-css-ivMrA brz-css-uJRoA\" data-brz-custom-id=\"wajizrjwixtfmsehjqftizvqlmjjdintyehk\">\n<div class=\"brz-bg\">\n<div class=\"brz-bg-color\"><\/div>\n<\/div>\n<div class=\"brz-container brz-css-s8GUV\">\n<div class=\"brz-row__container brz-css-zZXrv\" data-brz-custom-id=\"mhwxzmyjvvosxrbhqpqeeakthkdtjdhgoido\">\n<div class=\"brz-bg\"><\/div>\n<div class=\"brz-row brz-css-lrfUG brz-css-sjZqn\">\n<div class=\"brz-columns brz-css-qmhWT brz-css-eApzc\" data-brz-custom-id=\"jkqhbnqrmpwhulqqbqmfnzimimluqztsdosl\">\n<div class=\"brz-bg\"><\/div>\n<div class=\"brz-column__items brz-css-iomix brz-css-zTWLP\">\n<div id=\"\" class=\"brz-css-qUb3D brz-css-s7y6C brz-wrapper\">\n<div class=\"brz-rich-text brz-rich-text__custom brz-css-hOeh4\" data-brz-custom-id=\"hkkvsrwjjfrqdkckiueuptungyohvqxzmnhd\">\n<div data-brz-translate-text=\"1\">\n<p class=\"brz-tp-lg-heading3 brz-css-oj_wA\" data-generated-css=\"brz-css-fc0e3\" data-uniq-id=\"eUCvN\">Preencha o formul\u00e1rio de contacto<\/p>\n<\/div>\n<\/div>\n<\/div>\n<div id=\"\" class=\"brz-css-qUb3D brz-css-pVhuS brz-wrapper\">\n<div class=\"brz-spacer brz-css-bkhAS brz-css-i21BU\"><\/div>\n<\/div>\n<div id=\"\" class=\"brz-css-qUb3D brz-wrapper\">\n<div data-brz-form-version=\"2\" class=\"brz-forms2 brz-css-l6QNe brz-css-kKAWz\" data-brz-custom-id=\"nxwdlpqlkijlvklwrbjnqbipyxniyyepmpmp\">\n<form class=\"brz-form brz-d-xs-flex brz-flex-xs-wrap\" novalidate=\"\" action=\"{{brizy_dc_ajax_url}}?nonce={{editor_nonce showfor='authenticated_user' action='brizy-api'}}&amp;action=brizy_submit_form\" data-brz-form-id=\"nxwdlpqlkijlvklwrbjnqbipyxniyyepmpmp\" data-brz-project-id=\"903d217119900eb04042132dcaa6fa2d\" data-brz-success=\"\" data-brz-error=\"\" data-brz-redirect=\"\" data-brz-form-type=\"default\">\n<div data-brz-translate-text=\"1\" class=\"brz-forms2__item brz-css-jstvM brz-css-hZnPB brz-css-liGrP brz-css-ik3RG\"><label class=\"brz-label brz-forms2__field-label\" for=\"qpeickXtw2sb_{{placeholder content='e3sgcmFuZG9tX2lkIH19' key='cjcdmfvxyxnibmogadovujtsdgezzozswqfg'}}\">Nome<\/label><input type=\"text\" id=\"qpeickXtw2sb_{{placeholder content='e3sgcmFuZG9tX2lkIH19' key='cjcdmfvxyxnibmogadovujtsdgezzozswqfg'}}\" name=\"cjcdmfvxyxnibmogadovujtsdgezzozswqfg\" placeholder=\"\" required=\"\" data-brz-type=\"Text\" data-brz-label=\"Nome\" data-brz-placeholder=\"\" class=\"brz-input brz-forms2__field brz-forms2__field-text\"><\/div>\n<div data-brz-translate-text=\"1\" class=\"brz-forms2__item brz-css-jstvM brz-css-hZnPB brz-css-liGrP brz-css-m3XjG\"><label class=\"brz-label brz-forms2__field-label\" for=\"jErzTSxew7MO_{{placeholder content='e3sgcmFuZG9tX2lkIH19' key='eghddaejvolcxdhokzhrjuxcosboxhlpgywa'}}\">Email<\/label><input type=\"text\" id=\"jErzTSxew7MO_{{placeholder content='e3sgcmFuZG9tX2lkIH19' key='eghddaejvolcxdhokzhrjuxcosboxhlpgywa'}}\" name=\"eghddaejvolcxdhokzhrjuxcosboxhlpgywa\" placeholder=\"\" data-brz-type=\"Text\" data-brz-label=\"Email\" data-brz-placeholder=\"\" class=\"brz-input brz-forms2__field brz-forms2__field-text\"><\/div>\n<div data-brz-translate-text=\"1\" class=\"brz-forms2__item brz-css-jstvM brz-css-hZnPB brz-css-liGrP brz-css-hSG7s\"><label class=\"brz-label brz-forms2__field-label\" for=\"yw2pf8GXgvwI_{{placeholder content='e3sgcmFuZG9tX2lkIH19' key='jzqthlsrnystvuukobalwndripixukgikdph'}}\">Telefone<\/label><input type=\"email\" id=\"yw2pf8GXgvwI_{{placeholder content='e3sgcmFuZG9tX2lkIH19' key='jzqthlsrnystvuukobalwndripixukgikdph'}}\" name=\"jzqthlsrnystvuukobalwndripixukgikdph\" placeholder=\"\" pattern=\"%5E((%5B%5E%3C%3E%5C(%5C)%5C%5B%5C%5D%5C%5C.,;:%5Cs@%22%5D+(%5C.%5B%5E%3C%3E%5C(%5C)%5C%5B%5C%5D%5C%5C.,;:%5Cs@%22%5D+)*)%7C(%22.+%22))@((%5C%5B%5B0-9%5D%7B1,3%7D%5C.%5B0-9%5D%7B1,3%7D%5C.%5B0-9%5D%7B1,3%7D%5C.%5B0-9%5D%7B1,3%7D%5C%5D)%7C((%5Ba-zA-Z%5C-0-9%5D+%5C.)+%5Ba-zA-Z%5D%7B2,%7D))$\" data-brz-type=\"Email\" data-brz-label=\"Telefone\" data-brz-placeholder=\"\" maxlength=\"255\" class=\"brz-input brz-forms2__field brz-forms2__field-email\"><\/div>\n<div data-brz-translate-text=\"1\" class=\"brz-forms2__item brz-css-jstvM brz-css-hZnPB brz-css-liGrP brz-css-ytKmE\"><label class=\"brz-label brz-forms2__field-label\" for=\"lHrlDj_Lqkdg_{{placeholder content='e3sgcmFuZG9tX2lkIH19' key='ctkigfzgufgbnkqjtkpqzdkbhubmuobuemmq'}}\">Tratamentos<\/label><\/p>\n<div class=\"brz-forms2__field brz-forms2__field-select brz-forms2__field-select--multiple brz-css-tcypi brz-css-sqnpW\"><select id=\"lHrlDj_Lqkdg_{{placeholder content='e3sgcmFuZG9tX2lkIH19' key='ctkigfzgufgbnkqjtkpqzdkbhubmuobuemmq'}}\" name=\"ctkigfzgufgbnkqjtkpqzdkbhubmuobuemmq\" placeholder=\"Escolha o teu tratamento\" data-brz-type=\"Select\" data-brz-label=\"Tratamentos\" data-brz-placeholder=\"Escolha o teu tratamento\" multiple=\"\" data-brz-max-item-dropdown=\"5\" class=\"brz-select\"><option value=\"\">Tratamentos<\/option><option value=\"Fisioterapia\">Fisioterapia<\/option><option value=\"Crioterapia\">Crioterapia<\/option><option value=\"Laseroterapia\">Laseroterapia<\/option><option value=\"Magnetoterapia\">Magnetoterapia<\/option><option value=\"MecanoTerapia\">MecanoTerapia<\/option><option value=\"Parafinas\">Parafinas<\/option><option value=\"Pressoterapia\">Pressoterapia<\/option><option value=\"Termoterapia\">Termoterapia<\/option><option value=\"Corre\u00e7\u00e3o Problemas Coluna\">Corre\u00e7\u00e3o Problemas Coluna<\/option><option value=\"Massoterapia\">Massoterapia<\/option><option value=\"Cinesioterapia Respirat\u00f3ria\">Cinesioterapia Respirat\u00f3ria<\/option><\/select><svg class=\"brz-icon-svg align-[initial] brz-forms2__select--arrow\"><use href=\"\/wp-content\/plugins\/brizy\/public\/editor-build\/prod\/editor\/icons\/editor\/arrow-down.svg#brz_icon\"><\/use><\/svg><\/div>\n<\/div>\n<div data-brz-translate-text=\"1\" class=\"brz-forms2__item brz-css-jstvM brz-css-hZnPB brz-css-liGrP brz-css-x7asA\"><label class=\"brz-label brz-forms2__field-label\" for=\"aXkusRcnF21O_{{placeholder content='e3sgcmFuZG9tX2lkIH19' key='hgdsemayiwfegkzkysyhbrsecrhfvimwmahx'}}\">Observa\u00e7\u00f5es<\/label><textarea id=\"aXkusRcnF21O_{{placeholder content='e3sgcmFuZG9tX2lkIH19' key='hgdsemayiwfegkzkysyhbrsecrhfvimwmahx'}}\" name=\"hgdsemayiwfegkzkysyhbrsecrhfvimwmahx\" placeholder=\"\" data-brz-type=\"Paragraph\" data-brz-label=\"Observa\u00e7\u00f5es\" data-brz-placeholder=\"\" class=\"brz-textarea brz-forms2__field brz-forms2__field-paragraph\"><\/textarea><\/div>\n<div class=\"brz-forms2 brz-forms2__item brz-forms2__item-button\" data-brz-custom-id=\"nxwdlpqlkijlvklwrbjnqbipyxniyyepmpmp\">\n<div class=\"brz-hover-animation__container\" data-brz-hover-animationid=\"wkxvxbmcnzmkrzoxsetjkrtjfcmrjdoyygce\" data-brz-hover-options=\"%7B%22duration%22:600,%22iterations%22:1%7D\" data-brz-hover-reversible=\"true\" data-brz-hover-target=\"%22firstChild%22\"><button class=\"brz-btn brz-btn-submit brz-css-vQWz8 brz-css-vaf6_\" data-brz-custom-id=\"wkxvxbmcnzmkrzoxsetjkrtjfcmrjdoyygce\"><span data-brz-translate-text=\"1\" class=\"brz-span brz-text__editor\" contenteditable=\"false\">Enviar<\/span><\/button><\/div>\n<p><svg class=\"brz-icon-svg align-[initial] brz-form-spinner brz-invisible brz-ed-animated--spin\"><use href=\"\/wp-content\/plugins\/brizy\/public\/editor-build\/prod\/editor\/icons\/glyph\/circle-02.svg#nc_icon\"><\/use><\/svg><\/div>\n<div class=\"brz-g-recaptcha\" data-sitekey=\"{{recaptcha_site_key}}\" data-size=\"invisible\" data-callback=\"brzFormV2Captcha\"><\/div>\n<\/form>\n<\/div>\n<\/div>\n<div id=\"\" class=\"brz-css-qUb3D brz-css-pVhuS brz-wrapper\">\n<div class=\"brz-spacer brz-css-bkhAS brz-css-qseyy\"><\/div>\n<\/div>\n<\/div>\n<\/div>\n<div class=\"brz-columns brz-css-qmhWT brz-css-gAJKZ\" data-brz-custom-id=\"euzuuvdrplicdrvqptjhgoxuhhwqjcgipzuf\">\n<div class=\"brz-bg\"><\/div>\n<div class=\"brz-column__items brz-css-iomix brz-css-rEWL8\">\n<div id=\"\" class=\"brz-css-qUb3D brz-css-y8VgT brz-wrapper\">\n<div class=\"brz-map brz-map_styles brz-css-tWtNZ brz-css-cPe_b\" data-brz-custom-id=\"ptKB6m1p_U_S\">\n<div class=\"brz-ui-ed-map-content\"><iframe class=\"intrinsic-ignore brz-ui-ed-iframe\" src=\"https:\/\/www.google.com\/maps\/embed\/v1\/place?key=AIzaSyCcywKcxXeMZiMwLDcLgyEnNglcLOyB_qw&amp;q=R. Pol\u00f3nio Febrero J\u00fanior 21A, 2805-227 Almada&amp;zoom=15\" title=\"map\"><\/iframe><\/div>\n<\/div>\n<\/div>\n<\/div>\n<\/div>\n<\/div>\n<\/div>\n<\/div>\n<\/div>\n<\/section>\n<p>{{ brizy_dc_global_blocks position=&#8217;bottom&#8217; }}<\/p><\/div>\n<p>    <!-- version:1746009241 --><\/p>\n","protected":false},"excerpt":{"rendered":"<p>{{ brizy_dc_global_blocks position=&#8217;top&#8217; }} Estamos aqui para cuidar de si Preencha o formul\u00e1rio de contacto Nome Email Telefone Tratamentos TratamentosFisioterapiaCrioterapiaLaseroterapiaMagnetoterapiaMecanoTerapiaParafinasPressoterapiaTermoterapiaCorre\u00e7\u00e3o Problemas ColunaMassoterapiaCinesioterapia Respirat\u00f3ria Observa\u00e7\u00f5es Enviar {{ brizy_dc_global_blocks position=&#8217;bottom&#8217; }}<\/p>\n","protected":false},"author":1,"featured_media":0,"parent":0,"menu_order":0,"comment_status":"closed","ping_status":"closed","template":"brizy-blank-template.php","meta":{"footnotes":""},"class_list":["post-106","page","type-page","status-publish","hentry"],"yoast_head":"<!-- This site is optimized with the Yoast SEO plugin v25.1 - https:\/\/yoast.com\/wordpress\/plugins\/seo\/ -->\r\n<title>Contact - Centro Cl\u00ednico Vera Cruz<\/title>\r\n<meta name=\"robots\" content=\"index, follow, max-snippet:-1, max-image-preview:large, max-video-preview:-1\" \/>\r\n<link rel=\"canonical\" href=\"https:\/\/cclinicoveracruz.com\/?page_id=106\" \/>\r\n<meta property=\"og:locale\" content=\"pt_PT\" \/>\r\n<meta property=\"og:type\" content=\"article\" \/>\r\n<meta property=\"og:title\" content=\"Contact - Centro Cl\u00ednico Vera Cruz\" \/>\r\n<meta property=\"og:description\" content=\"{{ brizy_dc_global_blocks position=&#8217;top&#8217; }} Estamos aqui para cuidar de si Preencha o formul\u00e1rio de contacto Nome Email Telefone Tratamentos TratamentosFisioterapiaCrioterapiaLaseroterapiaMagnetoterapiaMecanoTerapiaParafinasPressoterapiaTermoterapiaCorre\u00e7\u00e3o Problemas ColunaMassoterapiaCinesioterapia Respirat\u00f3ria Observa\u00e7\u00f5es Enviar {{ brizy_dc_global_blocks position=&#8217;bottom&#8217; }}\" \/>\r\n<meta property=\"og:url\" content=\"https:\/\/cclinicoveracruz.com\/?page_id=106\" \/>\r\n<meta property=\"og:site_name\" content=\"Centro Cl\u00ednico Vera Cruz\" \/>\r\n<meta property=\"article:modified_time\" content=\"2025-04-30T10:34:01+00:00\" \/>\r\n<meta name=\"twitter:card\" content=\"summary_large_image\" \/>\r\n<script type=\"application\/ld+json\" class=\"yoast-schema-graph\">{\"@context\":\"https:\/\/schema.org\",\"@graph\":[{\"@type\":\"WebPage\",\"@id\":\"https:\/\/cclinicoveracruz.com\/?page_id=106\",\"url\":\"https:\/\/cclinicoveracruz.com\/?page_id=106\",\"name\":\"Contact - Centro Cl\u00ednico Vera Cruz\",\"isPartOf\":{\"@id\":\"https:\/\/cclinicoveracruz.com\/#website\"},\"datePublished\":\"2021-12-07T19:21:01+00:00\",\"dateModified\":\"2025-04-30T10:34:01+00:00\",\"breadcrumb\":{\"@id\":\"https:\/\/cclinicoveracruz.com\/?page_id=106#breadcrumb\"},\"inLanguage\":\"pt-PT\",\"potentialAction\":[{\"@type\":\"ReadAction\",\"target\":[\"https:\/\/cclinicoveracruz.com\/?page_id=106\"]}]},{\"@type\":\"BreadcrumbList\",\"@id\":\"https:\/\/cclinicoveracruz.com\/?page_id=106#breadcrumb\",\"itemListElement\":[{\"@type\":\"ListItem\",\"position\":1,\"name\":\"In\u00edcio\",\"item\":\"https:\/\/cclinicoveracruz.com\/\"},{\"@type\":\"ListItem\",\"position\":2,\"name\":\"Contact\"}]},{\"@type\":\"WebSite\",\"@id\":\"https:\/\/cclinicoveracruz.com\/#website\",\"url\":\"https:\/\/cclinicoveracruz.com\/\",\"name\":\"Centro Cl\u00ednico Vera Cruz\",\"description\":\"\",\"potentialAction\":[{\"@type\":\"SearchAction\",\"target\":{\"@type\":\"EntryPoint\",\"urlTemplate\":\"https:\/\/cclinicoveracruz.com\/?s={search_term_string}\"},\"query-input\":{\"@type\":\"PropertyValueSpecification\",\"valueRequired\":true,\"valueName\":\"search_term_string\"}}],\"inLanguage\":\"pt-PT\"}]}<\/script>\r\n<!-- \/ Yoast SEO plugin. -->","yoast_head_json":{"title":"Contact - Centro Cl\u00ednico Vera Cruz","robots":{"index":"index","follow":"follow","max-snippet":"max-snippet:-1","max-image-preview":"max-image-preview:large","max-video-preview":"max-video-preview:-1"},"canonical":"https:\/\/cclinicoveracruz.com\/?page_id=106","og_locale":"pt_PT","og_type":"article","og_title":"Contact - Centro Cl\u00ednico Vera Cruz","og_description":"{{ brizy_dc_global_blocks position=&#8217;top&#8217; }} Estamos aqui para cuidar de si Preencha o formul\u00e1rio de contacto Nome Email Telefone Tratamentos TratamentosFisioterapiaCrioterapiaLaseroterapiaMagnetoterapiaMecanoTerapiaParafinasPressoterapiaTermoterapiaCorre\u00e7\u00e3o Problemas ColunaMassoterapiaCinesioterapia Respirat\u00f3ria Observa\u00e7\u00f5es Enviar {{ brizy_dc_global_blocks position=&#8217;bottom&#8217; }}","og_url":"https:\/\/cclinicoveracruz.com\/?page_id=106","og_site_name":"Centro Cl\u00ednico Vera Cruz","article_modified_time":"2025-04-30T10:34:01+00:00","twitter_card":"summary_large_image","schema":{"@context":"https:\/\/schema.org","@graph":[{"@type":"WebPage","@id":"https:\/\/cclinicoveracruz.com\/?page_id=106","url":"https:\/\/cclinicoveracruz.com\/?page_id=106","name":"Contact - Centro Cl\u00ednico Vera Cruz","isPartOf":{"@id":"https:\/\/cclinicoveracruz.com\/#website"},"datePublished":"2021-12-07T19:21:01+00:00","dateModified":"2025-04-30T10:34:01+00:00","breadcrumb":{"@id":"https:\/\/cclinicoveracruz.com\/?page_id=106#breadcrumb"},"inLanguage":"pt-PT","potentialAction":[{"@type":"ReadAction","target":["https:\/\/cclinicoveracruz.com\/?page_id=106"]}]},{"@type":"BreadcrumbList","@id":"https:\/\/cclinicoveracruz.com\/?page_id=106#breadcrumb","itemListElement":[{"@type":"ListItem","position":1,"name":"In\u00edcio","item":"https:\/\/cclinicoveracruz.com\/"},{"@type":"ListItem","position":2,"name":"Contact"}]},{"@type":"WebSite","@id":"https:\/\/cclinicoveracruz.com\/#website","url":"https:\/\/cclinicoveracruz.com\/","name":"Centro Cl\u00ednico Vera Cruz","description":"","potentialAction":[{"@type":"SearchAction","target":{"@type":"EntryPoint","urlTemplate":"https:\/\/cclinicoveracruz.com\/?s={search_term_string}"},"query-input":{"@type":"PropertyValueSpecification","valueRequired":true,"valueName":"search_term_string"}}],"inLanguage":"pt-PT"}]}},"_links":{"self":[{"href":"https:\/\/cclinicoveracruz.com\/index.php?rest_route=\/wp\/v2\/pages\/106","targetHints":{"allow":["GET"]}}],"collection":[{"href":"https:\/\/cclinicoveracruz.com\/index.php?rest_route=\/wp\/v2\/pages"}],"about":[{"href":"https:\/\/cclinicoveracruz.com\/index.php?rest_route=\/wp\/v2\/types\/page"}],"author":[{"embeddable":true,"href":"https:\/\/cclinicoveracruz.com\/index.php?rest_route=\/wp\/v2\/users\/1"}],"replies":[{"embeddable":true,"href":"https:\/\/cclinicoveracruz.com\/index.php?rest_route=%2Fwp%2Fv2%2Fcomments&post=106"}],"version-history":[{"count":11,"href":"https:\/\/cclinicoveracruz.com\/index.php?rest_route=\/wp\/v2\/pages\/106\/revisions"}],"predecessor-version":[{"id":1399,"href":"https:\/\/cclinicoveracruz.com\/index.php?rest_route=\/wp\/v2\/pages\/106\/revisions\/1399"}],"wp:attachment":[{"href":"https:\/\/cclinicoveracruz.com\/index.php?rest_route=%2Fwp%2Fv2%2Fmedia&parent=106"}],"curies":[{"name":"wp","href":"https:\/\/api.w.org\/{rel}","templated":true}]}}